{"id":97,"date":"2017-10-12T09:53:28","date_gmt":"2017-10-12T07:53:28","guid":{"rendered":"http:\/\/jnr-cpl.com\/?page_id=97"},"modified":"2022-05-27T11:23:26","modified_gmt":"2022-05-27T09:23:26","slug":"associations-engagees","status":"publish","type":"page","link":"http:\/\/jnr-cpl.com\/?page_id=97","title":{"rendered":"Associations et institutions partenaires"},"content":{"rendered":"<p><u><a href=\"http:\/\/www.amicale-chateaubriant.fr\/\">Amicale Ch\u00e2teaubriant Voves Rouill\u00e9 Aincourt<\/a><\/u><\/p>\n<p><u><a href=\"http:\/\/www.amicale-chateaubriant.fr\/\">Amicale d&rsquo;Auschwitz<\/a><\/u><\/p>\n<p>Amicale des anciens Gu\u00e9rilleros Espagnols en France &#8211; FFI<\/p>\n<p><u><a href=\"https:\/\/asso-buchenwald-dora.com\/\">Amicale Fran\u00e7aise Buchenwald Dora et Kommandos<\/a><\/u><\/p>\n<p><u><a href=\"https:\/\/www.facebook.com\/AmicaleStruthofFrance\/\">Amicale Nationale de Natzweiler-Struthoff<\/a><\/u><\/p>\n<p><u><a href=\"http:\/\/www.commune1871.org\/\">Amis de la Commune de Paris<\/a><\/u><\/p>\n<p><u><a href=\"http:\/\/www.acer-aver.fr\/\">Amis des Combattants en Espagne R\u00e9publicaine<\/a><\/u><\/p>\n<p><u><a href=\"http:\/\/aseref.blogs.midilibre.com\/archive\/2015\/03\/19\/les-amis-des-republicains-espagnols-en-region-parisienne-pre-829575.html\">Amis des R\u00e9publicains espagnols en R\u00e9gion parisienne<\/a><\/u><\/p>\n<p><u><a href=\"http:\/\/www.comite-du-souvenir.fr\/\">Anciens Combattants et Victimes de Guerre de la RATP (F\u00e9d\u00e9ration nationale)<\/a><\/u><\/p>\n<p>Association \u00ab Gilbert Bosquez \u00bb<\/p>\n<p><u><a href=\"http:\/\/www.24-aout-1944.org\/\">Association 24 ao\u00fbt 1944 &#8211; La Nueve<\/a><\/u><\/p>\n<p><u><a href=\"http:\/\/www.charlottedelbo.org\/\">Association Charlotte Delbo<\/a><\/u><\/p>\n<p><u><a href=\"http:\/\/advr.fr\/\">Association de d\u00e9fense des valeurs de la r\u00e9sistance<\/a><\/u><\/p>\n<p><u><a href=\"http:\/\/memoiredeguerre.pagesperso-orange.fr\/rawa\/rawa.htm\">Association de d\u00e9port\u00e9s de Rawa-Ruska<\/a><\/u><\/p>\n<p><u><a href=\"https:\/\/www.afmd.asso.fr\/\">Association des Amis de la Fondation pour la M\u00e9moire de la D\u00e9portation<\/a><\/u><\/p>\n<p>Association des Amis parisiens du Mus\u00e9e de la R\u00e9sistance nationale<\/p>\n<p><u><a href=\"http:\/\/www.germaine-tillion.org\/association\/\">Association Germaine Tillion<\/a><\/u><\/p>\n<p><u><a href=\"http:\/\/www.anacr.com\/\">Association Nationale des Anciens Combattants de la R\u00e9sistance<\/a><\/u><\/p>\n<p><u><a href=\"https:\/\/www.ancac.net\/\">Association Nationale des Cheminots Anciens Combattants<\/a><\/u><\/p>\n<p><u><a href=\"http:\/\/familles-de-fusilles.com\/\">Association nationale des fusill\u00e9s et massacr\u00e9s de la R\u00e9sistance et de leurs amis<\/a><\/u><\/p>\n<p>Association pour le Souvenir des Fusill\u00e9s du Mont Val\u00e9rien et de l\u2019IDF<\/p>\n<p><u><a href=\"http:\/\/www.le-reveil-des-combattants.fr\/\">Association R\u00e9publicaine des Anciens Combattants<\/a><\/u><\/p>\n<p><u><a href=\"http:\/\/www.rawa-ruska.net\/\">Ceux de Rawa Ruska et leurs descendants<\/a><\/u><\/p>\n<p>Chorale Populaire de ParisCin\u00e9 Histoire<\/p>\n<p><u><a href=\"http:\/\/www.usgazelec.org\/index.php\/contacts\/accueil-cmcas-paris\">CMCAS 75<\/a><\/u><\/p>\n<p><u><a href=\"http:\/\/www.fondationresistance.org\/pages\/la_fondation\/comite-action-resistance.htm\">Comit\u00e9 d&rsquo;Action de la R\u00e9sistance<\/a><\/u><\/p>\n<p><u><a href=\"https:\/\/www.paris.fr\/services-et-infos-pratiques\/culture-et-patrimoine\/histoire-et-patrimoine\/histoire-et-memoire-2419#comite-d-histoire-de-la-ville-de-paris_6\">Comit\u00e9 d&rsquo;Histoire de la Ville de Paris<\/a><\/u><\/p>\n<p><u><a href=\"https:\/\/www.paris.fr\/services-et-infos-pratiques\/culture-et-patrimoine\/histoire-et-patrimoine\/histoire-et-memoire-2419#comite-d-histoire-de-la-ville-de-paris_6\">Comit\u00e9 d&rsquo;Histoire de la Ville de Paris<\/a><\/u><\/p>\n<p><u><a href=\"https:\/\/www.paris.fr\/services-et-infos-pratiques\/culture-et-patrimoine\/histoire-et-patrimoine\/histoire-et-memoire-2419#comite-d-histoire-de-la-ville-de-paris_6\">Comit\u00e9 d&rsquo;Histoire de la Ville de Paris<\/a><\/u><\/p>\n<p>Comit\u00e9 d\u2019entente du 14<sup>\u00e8me<\/sup> regroupant la Fnaca, la Fndirp, la soci\u00e9t\u00e9 d\u2019entraide des membres de la l\u00e9gion d\u2019honneur, la soci\u00e9t\u00e9 nationale \u00ab\u00a0les m\u00e9dailles militaires\u00a0\u00bb et le souvenir fran\u00e7ais<\/p>\n<p><u><a href=\"http:\/\/www.struthof.fr\/le-haut-lieu-de-memoire\/la-memoire-du-campapres-guerre\/autour-du-camp-une-memoire-regionale-et-internationale\/comite-international-de-natzweiler-struthof\/\">Comit\u00e9 International de Natzweiler-Struthoff<\/a><\/u><\/p>\n<p>Comit\u00e9 Parisien de la Lib\u00e9ration<\/p>\n<p>Commission administrative de la Bourse du travail<\/p>\n<p><u><a href=\"http:\/\/www.ce.ratp.fr\/\">CRE RATP de la RATP-ANACR RATP<\/a><\/u><\/p>\n<p><u><a href=\"http:\/\/www.defense.gouv.fr\/sga\/le-sga\/son-organisation\/directions-et-services\/direction-de-la-memoire-du-patrimoine-et-des-archives-dmpa\/direction-de-la-memoire-du-patrimoine-et-des-archives-sga-dmpa\">Direction de la m\u00e9moire, du patrimoine et des Archives<\/a><\/u><\/p>\n<p><u><a href=\"http:\/\/www.editionsatelier.com\/\">Editions de l\u2019Atelier<\/a><\/u><\/p>\n<p><u><a href=\"http:\/\/www.cnrseditions.fr\/\">Editions du CNRS<\/a><\/u><\/p>\n<p><u><a href=\"https:\/\/legeaibleu-editions.fr\/\">Editions Geai Bleu<\/a><\/u><\/p>\n<p><u><a href=\"http:\/\/www.letempsdescerises.net\/\">\u00c9ditions Le temps des cerises<\/a><\/u><\/p>\n<p><u><a href=\"http:\/\/www.pur-editions.fr\/\">Editions presse universitaire de Rennes<\/a><\/u><\/p>\n<p><u><a href=\"http:\/\/www.editionstiresias.com\/\">\u00c9ditions Tir\u00e9sias<\/a><\/u><\/p>\n<p>F\u00e9d\u00e9ration des Groupements d\u2019Anciens Combattants et Victimes de Guerre<\/p>\n<p><u><a href=\"http:\/\/www.unadif.fr\/\">F\u00e9d\u00e9ration Nationale des D\u00e9port\u00e9s et Intern\u00e9s de la R\u00e9sistance<\/a><\/u><\/p>\n<p><u><a href=\"http:\/\/www.fndirp.asso.fr\/page-1\/1-1\/presentation-de-la-fndirp\/\">F\u00e9d\u00e9ration Nationale des D\u00e9port\u00e9s Intern\u00e9s R\u00e9sistants et Patriotes<\/a><\/u><\/p>\n<p><u><a href=\"https:\/\/www.france.tv\/france-3\/\">France 3<\/a><\/u><\/p>\n<p>Fusill\u00e9s du 15 d\u00e9cembre 1944<\/p>\n<p><u><a href=\"http:\/\/www.ina.fr\/\">INA<\/a><\/u><\/p>\n<p><u><a href=\"http:\/\/www.ihs.cgt.fr\/\">Institut CGT d&rsquo;Histoire sociale Paris<\/a><\/u><\/p>\n<p><u><a href=\"http:\/\/ihs.livreparisien.fr\/\">Institut CGT d\u2019histoire sociale du Livre parisien<\/a><\/u><\/p>\n<p><u><a href=\"https:\/\/ftm-cgt.fr\/ihs-histoire-sociale-de-la-metallurgie\/\">Institut d&rsquo;Histoire sociale CGT M\u00e9tallurgie<\/a><\/u><\/p>\n<p><u><a href=\"http:\/\/www.ihs.cgt.fr\/\">Institut d&rsquo;Histoire sociale d&rsquo;\u00cele de France<\/a><\/u><\/p>\n<p><u><a href=\"http:\/\/www.cheminotcgt.fr\/la-federation\/ihs\/\">Institut d&rsquo;Histoire sociale des Cheminots<\/a><\/u><\/p>\n<p><u><a href=\"https:\/\/kien.fr\/\">K\u2019ien<\/a><\/u><\/p>\n<p>La Cantonade<\/p>\n<p><u><a href=\"http:\/\/maitron-en-ligne.univ-paris1.fr\/\">Le Ma\u00eetron<\/a><\/u><\/p>\n<p><u><a href=\"http:\/\/le-souvenir-francais.fr\/\">Le Souvenir Fran\u00e7ais<\/a><\/u><\/p>\n<p><u><a href=\"http:\/\/www.devoiretmemoire.org\/\">Les \u00ab Oubli\u00e9-e-s \u00bb de la M\u00e9moire<\/a><\/u><\/p>\n<p><u><a href=\"http:\/\/www.charlottedelbo.org\/\">Les Amis de Charlotte Delbo-M\u00e9moires sonores<\/a><\/u><\/p>\n<p>Les Garibaldiens<\/p>\n<p><u><a href=\"http:\/\/www.libeptt.org\/\">Lib\u00e9ration nationale<\/a><\/u><\/p>\n<p><u><a href=\"http:\/\/www.liberation-nord.org\/\">Lib\u00e9ration Nord<\/a><\/u><\/p>\n<p><u><a href=\"https:\/\/www.paris.fr\/\">Mairie de Paris (M\u00e9moire, Culture, Affaires scolaires)<\/a><\/u><\/p>\n<p><u><a href=\"http:\/\/www.mairie05.paris.fr\/\">Mairie du Ve<\/a><\/u><\/p>\n<p><u><a href=\"http:\/\/www.mrj-moi.com\/\">M\u00e9moire de la R\u00e9sistance juive M.O.I.<\/a><\/u><\/p>\n<p><u><a href=\"http:\/\/www.armen-progres.com\/\">M\u00e9moire des Arm\u00e9niens de France pour la post\u00e9rit\u00e9 (MAFP)<\/a><\/u><\/p>\n<p><u><a href=\"http:\/\/www.memoresist.org\/\">M\u00e9moire et Espoirs de la R\u00e9sistance<\/a><\/u><\/p>\n<p><u><a href=\"http:\/\/www.memoirevive.org\/\">M\u00e9moire Vive des convois des 31000 et 45000 d\u2019Auschwitz Birkenau<\/a><\/u><\/p>\n<p><u><a href=\"http:\/\/www.memorial-compiegne.fr\/\">M\u00e9morial de Compi\u00e8gne Royalieu<\/a><\/u><\/p>\n<p><u><a href=\"http:\/\/www.memorial-compiegne.fr\/\">M\u00e9morial de Compi\u00e8gne Royalieu<\/a><\/u><\/p>\n<p><u><a href=\"http:\/\/museesleclercmoulin.paris.fr\/\">M\u00e9morial Leclerc, Mus\u00e9e Jean Moulin, Mus\u00e9e de la Lib\u00e9ration de Paris<\/a><\/u><\/p>\n<p><u><a href=\"http:\/\/museesleclercmoulin.paris.fr\/\">M\u00e9morial Leclerc, Mus\u00e9e Jean Moulin, Mus\u00e9e de la Lib\u00e9ration de Paris<\/a><\/u><\/p>\n<p><u><a href=\"http:\/\/www.education.gouv.fr\/\">Minist\u00e8re de l\u2019\u00c9ducation nationale<\/a><\/u><\/p>\n<p><u><a href=\"http:\/\/www.culturecommunication.gouv.fr\/\">Minist\u00e8re de la Culture<\/a><\/u><\/p>\n<p><u><a href=\"http:\/\/www.defense.gouv.fr\/\">Minist\u00e8re de la D\u00e9fense<\/a><\/u><\/p>\n<p><u><a href=\"http:\/\/www.musee-saint-denis.fr\/#accueil\">Mus\u00e9e d\u2019art et d\u2019histoire de Saint-Denis<\/a><\/u><\/p>\n<p><u><a href=\"http:\/\/www.ordredelaliberation.fr\/fr\/musee\">Mus\u00e9e de l&rsquo;Ordre de la Lib\u00e9ration<\/a><\/u><\/p>\n<p><u><a href=\"http:\/\/www.ordredelaliberation.fr\/fr\/musee\">Mus\u00e9e de l&rsquo;Ordre de la Lib\u00e9ration<\/a><\/u><\/p>\n<p><u><a href=\"http:\/\/www.museehistoirevivante.fr\/\">Mus\u00e9e de l\u2019Histoire vivante<\/a><\/u><\/p>\n<p><u><a href=\"http:\/\/www.ordredelaliberation.fr\/fr\/musee\">Mus\u00e9e de l\u2019Ordre de la Lib\u00e9ration<\/a><\/u><\/p>\n<p><u><a href=\"http:\/\/www.musee-resistance.com\/\">Mus\u00e9e de la R\u00e9sistance Nationale<\/a><\/u><\/p>\n<p><u><a href=\"http:\/\/www.musee-resistance.com\/\">Mus\u00e9e de la R\u00e9sistance Nationale<\/a><\/u><\/p>\n<p><u><a href=\"http:\/\/www.onac-vg.fr\/fr\/\">Office National Anciens Combattant Victimes de Guerre Paris<\/a><\/u><\/p>\n<p><u><a href=\"http:\/\/www.onac-vg.fr\/fr\/\">Office National Anciens Combattant Victimes de Guerre Paris<\/a><\/u><\/p>\n<p><u><a href=\"http:\/\/www.libeptt.org\/\">PTT ANACR<\/a><\/u><\/p>\n<p><u><a href=\"https:\/\/www.iledefrance.fr\/\">R\u00e9gion \u00cele de France\u00a0\u00a0\u00a0\u00a0\u00a0\u00a0\u00a0\u00a0\u00a0 <\/a><\/u><\/p>\n<p><u><a href=\"https:\/\/chrhc.revues.org\/\">Revue Cahiers d\u2019histoire<\/a><\/u><\/p>\n<p><u><a href=\"https:\/\/www.secourspopulaire.fr\/\">Secours Populaire Fran\u00e7ais<\/a><\/u><\/p>\n<p><u><a href=\"https:\/\/lannuaire.service-public.fr\/gouvernement\/cabinet-ministeriel_583115\">Secr\u00e9tariat d\u2019\u00c9tat aux Anciens Combattants et \u00e0 la M\u00e9moire<\/a><\/u><\/p>\n<p><u><a href=\"http:\/\/www.unadif.fr\/60-oise\/sfaadir\">Soci\u00e9t\u00e9 des familles et amis des anciennes d\u00e9port\u00e9es et intern\u00e9es de la R\u00e9sistance<\/a><\/u><\/p>\n<p><u><a href=\"http:\/\/lavoixdu14e.blogspirit.com\/archive\/2017\/04\/28\/la-societe-historique-et-archeologique-du-14-annonce-3091478.html\">Soci\u00e9t\u00e9 historique et arch\u00e9ologique du 14 \u00e8me<\/a><\/u><\/p>\n<p><u><a href=\"https:\/\/snjcgt.fr\/\">Syndicat National des Journalistes CGT<\/a><\/u><\/p>\n<p><u><a href=\"http:\/\/www.crif.org\/fr\/associationsmembres\/l%E2%80%99union-des-engag%C3%A9s-volontaires-anciens-combattants-juifs-leurs-enfants-et-amis\/29405\">Union de groupements engag\u00e9s volontaires r\u00e9sistants \u00e9trangers<\/a><\/u><\/p>\n<p><u><a href=\"http:\/\/www.cfdtparis.com\/\">Union d\u00e9partemental CFDT 75<\/a><\/u><\/p>\n<p><u><a href=\"http:\/\/www.cftc-paris.fr\/\">Union d\u00e9partementale CFTC 75<\/a><\/u><\/p>\n<p><u><a href=\"http:\/\/www.cgtparis.fr\/\">Union d\u00e9partementale CGT Paris<\/a><\/u><\/p>\n<p><u><a href=\"http:\/\/www.ufac.eu\/\">Union D\u00e9partementale des Anciens Combattants (UDAC) de Paris<\/a><\/u><\/p>\n<p><u><a href=\"http:\/\/www.force-ouvriere.fr\/UD-FO-75-PARIS\">Union d\u00e9partementale FO 75<\/a><\/u><\/p>\n<p>Union d\u00e9partementale FSU 75<\/p>\n<p><u><a href=\"https:\/\/www.solidaires.org\/Solidaires-Paris-75\">Union d\u00e9partementale Solidaires 75<\/a><\/u><\/p>\n<p><u><a href=\"http:\/\/unsa-ud75.fr\/\">Union d\u00e9partementale UNSA 75<\/a><\/u><\/p>\n<p><a href=\"ujre.monsite-orange.fr\">Union des Juifs pour la R\u00e9sistance et l\u2019Entraide (UJRE)<\/a><\/p>\n<p>Union groupement engag\u00e9s volontaires r\u00e9sistants \u00e9trangers<\/p>\n<p><u><a href=\"http:\/\/www.cgtparis.fr\/\">Union locale CGT de Paris 5-6 e<\/a><\/u><\/p>\n<p><u><a href=\"http:\/\/www.unadif.fr\/\">Union Nationale des Associations de D\u00e9port\u00e9s, Intern\u00e9s et Familles de disparus<\/a><\/u><\/p>\n<p><strong>\u00a0<\/strong><\/p>\n<p>&nbsp;<\/p>\n","protected":false},"excerpt":{"rendered":"<p>Amicale Ch\u00e2teaubriant Voves Rouill\u00e9 Aincourt Amicale d&rsquo;Auschwitz Amicale des anciens Gu\u00e9rilleros Espagnols en France &#8211; FFI Amicale Fran\u00e7aise Buchenwald Dora et Kommandos Amicale Nationale de Natzweiler-Struthoff Amis de la Commune de Paris Amis des Combattants en Espagne R\u00e9publicaine Amis des R\u00e9publicains espagnols en R\u00e9gion parisienne Anciens Combattants et Victimes de Guerre de la RATP (F\u00e9d\u00e9ration &hellip; <\/p>\n<p class=\"read-more\"><a class=\"btn btn-default\" href=\"http:\/\/jnr-cpl.com\/?page_id=97\"> Read More<span class=\"screen-reader-text\">  Read More<\/span><\/a><\/p>\n","protected":false},"author":1,"featured_media":0,"parent":0,"menu_order":0,"comment_status":"closed","ping_status":"closed","template":"","meta":{"footnotes":""},"class_list":["post-97","page","type-page","status-publish","hentry"],"_links":{"self":[{"href":"http:\/\/jnr-cpl.com\/index.php?rest_route=\/wp\/v2\/pages\/97","targetHints":{"allow":["GET"]}}],"collection":[{"href":"http:\/\/jnr-cpl.com\/index.php?rest_route=\/wp\/v2\/pages"}],"about":[{"href":"http:\/\/jnr-cpl.com\/index.php?rest_route=\/wp\/v2\/types\/page"}],"author":[{"embeddable":true,"href":"http:\/\/jnr-cpl.com\/index.php?rest_route=\/wp\/v2\/users\/1"}],"replies":[{"embeddable":true,"href":"http:\/\/jnr-cpl.com\/index.php?rest_route=%2Fwp%2Fv2%2Fcomments&post=97"}],"version-history":[{"count":9,"href":"http:\/\/jnr-cpl.com\/index.php?rest_route=\/wp\/v2\/pages\/97\/revisions"}],"predecessor-version":[{"id":4898,"href":"http:\/\/jnr-cpl.com\/index.php?rest_route=\/wp\/v2\/pages\/97\/revisions\/4898"}],"wp:attachment":[{"href":"http:\/\/jnr-cpl.com\/index.php?rest_route=%2Fwp%2Fv2%2Fmedia&parent=97"}],"curies":[{"name":"wp","href":"https:\/\/api.w.org\/{rel}","templated":true}]}}