{"id":94,"date":"2017-10-12T09:50:16","date_gmt":"2017-10-12T07:50:16","guid":{"rendered":"http:\/\/jnr-cpl.com\/?page_id=94"},"modified":"2017-12-07T15:01:49","modified_gmt":"2017-12-07T14:01:49","slug":"qui-sommes-nous","status":"publish","type":"page","link":"http:\/\/jnr-cpl.com\/?page_id=94","title":{"rendered":"Qui sommes-nous ?"},"content":{"rendered":"<p><strong><u>27 mai 1943 <\/u><\/strong><\/p>\n<p>Premi\u00e8re r\u00e9union \u00e0 Paris, rue du Four, du Conseil National de la R\u00e9sistance sous la pr\u00e9sidence de Jean Moulin.\u00a0 Elle inscrit la volont\u00e9 des forces patriotiques, sociales et politiques de la R\u00e9sistance int\u00e9rieure unies dans leur volont\u00e9 de lib\u00e9rer le pays et de r\u00e9instaurer la R\u00e9publique.<\/p>\n<p><strong>\u00a0<\/strong><\/p>\n<p><strong><u>27 mai 2014<\/u><\/strong><\/p>\n<p>Premi\u00e8re comm\u00e9moration de la Journ\u00e9e Nationale de la R\u00e9sistance d\u00e9cid\u00e9e par la loi du 19 juillet 2013. R\u00e9unis autour du Comit\u00e9 parisien de la Lib\u00e9ration, \u00e0 l&rsquo;initiative du rassemblement de 37 associations, institutions de m\u00e9moire, organisations, associations et mouvements, institutions culturelles porteuses de la m\u00e9moire et des valeurs de la R\u00e9sistance commune \u00e0 l\u2019ensemble des composantes de la R\u00e9sistance. Avec le soutien et la participation de la Ville de Paris, du Secr\u00e9tariat d&rsquo;\u00c9tat aux Anciens Combattants et Victimes de Guerres, de l&rsquo;Office National des Anciens Combattants et Victimes de Guerres.<\/p>\n<p><strong>\u00a0<\/strong><\/p>\n<p><strong>Liste des associations fondatrices de la premi\u00e8re JNR (cliquez <a href=\"http:\/\/jnr-cpl.com\/?page_id=97\" target=\"_blank\" rel=\"noopener\">ici<\/a> pour retrouver les liens vers ces associations)<br \/>\n<\/strong><\/p>\n<p>Anciens Combattants en Espagne r\u00e9publicaine, F\u00e9d\u00e9ration des groupements d\u2019anciens combattants et victimes de guerre de la RATP, Amicale de Ch\u00e2teaubriant-Voves-Rouill\u00e9-Aincourt, Amis de la Fondation pour la M\u00e9moire de la D\u00e9portation, Association nationale des Anciens Combattants de la R\u00e9sistance, Association nationale des Cheminots Anciens Combattants, Association r\u00e9publicaine des Anciens Combattants, Association pour le souvenir des fusill\u00e9s du Mont Val\u00e9rien et de l\u2019\u00cele-de-France et Association nationale des familles de fusill\u00e9s et massacr\u00e9s de la R\u00e9sistance et de leurs amis, Association parisienne des Amis du Mus\u00e9e de la R\u00e9sistance nationale , Comit\u00e9 d&rsquo;Action de la R\u00e9sistance, Chorale populaire de Paris Comit\u00e9 d&rsquo;Action de la R\u00e9sistance, Comit\u00e9 d&rsquo;Histoire de la Ville de Paris, Cin\u00e9 Histoire, Comit\u00e9 parisien de la Lib\u00e9ration, F\u00e9d\u00e9ration nationale des D\u00e9port\u00e9s et Intern\u00e9s, R\u00e9sistants et Patriotes, Fusill\u00e9s du 15 d\u00e9cembre 1941, Institut d&rsquo;Histoire sociale CGT des Cheminots, Institut d&rsquo;Histoire sociale CGT d&rsquo;\u00cele de France, Institut CGT d\u2019Histoire sociale CGT du Livre parisien , Institut d&rsquo;Histoire sociale CGT m\u00e9tallurgie, Institut d&rsquo;Histoire sociale CGT de PARIS, La Cantonade, Les Garibaldiens, Lib\u00e9 Nord, Lib\u00e9ration PTT, M\u00e9moire Vive des convois des 31000 et 45000, M\u00e9moire et Espoirs de la R\u00e9sistance, le Mus\u00e9e du g\u00e9n\u00e9ral Leclerc de Hauteclocque et de la Lib\u00e9ration de Paris \u2013 Mus\u00e9e Jean Moulin, M\u00e9moire de la R\u00e9sistance juive (MOI), Mus\u00e9e de la R\u00e9sistance nationale \u00e0 Champigny-sur-Marne, Mus\u00e9e de l&rsquo;Ordre de la Lib\u00e9ration, Office national des anciens combattant et victime de guerre (Paris), Secours populaire, Union des Juifs pour la R\u00e9sistance et l&rsquo;Entraide.<\/p>\n<p><strong>Cette premi\u00e8re Journ\u00e9e nationale de la R\u00e9sistance a \u00e9t\u00e9 inaugur\u00e9e conjointement par Kader Arif, ministre d\u00e9l\u00e9gu\u00e9 aux Anciens Combattants et la maire de Paris, Anne Hidalgo.<\/strong><\/p>\n<hr \/>\n<p><strong>Extrait d&rsquo;un texte adress\u00e9 en 2014 aux rectrices, recteurs et vice-recteurs, vice-rectrices d&rsquo;acad\u00e9mie ; aux inspectrices et inspecteurs d&rsquo;acad\u00e9mie-directrices et directeurs acad\u00e9miques des services de l&rsquo;\u00e9ducation nationale<\/strong><\/p>\n<p><em>Le 19 juillet 2013, l&rsquo;Assembl\u00e9e nationale a adopt\u00e9, \u00e0 l&rsquo;unanimit\u00e9, une proposition de loi \u00e9manant du S\u00e9nat instaurant le 27 mai comme Journ\u00e9e nationale de la R\u00e9sistance.<\/em><\/p>\n<p><em>Cette date a \u00e9t\u00e9 choisie en r\u00e9f\u00e9rence \u00e0 la premi\u00e8re r\u00e9union du Conseil national de la R\u00e9sistance (CNR), pr\u00e9sid\u00e9e par Jean Moulin, qui s&rsquo;est d\u00e9roul\u00e9e le 27 mai 1943.\u00a0\u00c0 cette occasion, furent r\u00e9unis, dans un m\u00eame lieu, au c\u0153ur de Paris occup\u00e9, les repr\u00e9sentants des principaux mouvements de r\u00e9sistance fran\u00e7ais ainsi que des principaux partis politiques et syndicats existant avant la guerre. Ensemble, ils allaient \u0153uvrer \u00e0 coordonner l&rsquo;action de la R\u00e9sistance et, dans la perspective de la lib\u00e9ration du territoire national, \u00e0 pr\u00e9parer la refondation de la R\u00e9publique.<\/em><\/p>\n<p><em>Apr\u00e8s la Lib\u00e9ration, le programme visionnaire \u00e9labor\u00e9 par le CNR conduisit \u00e0 la mise en \u0153uvre de r\u00e9formes \u00e9conomiques, sociales et politiques donnant la priorit\u00e9 \u00e0 l&rsquo;acc\u00e8s \u00e0 l&rsquo;\u00e9ducation pour tous et posant les bases d&rsquo;un mod\u00e8le social qui est aujourd&rsquo;hui le n\u00f4tre. Il inspira \u00e9galement la r\u00e9daction du pr\u00e9ambule de la Constitution de la IVe\u00a0R\u00e9publique, qui fait partie des textes fondamentaux de notre droit actuel.<\/em><\/p>\n<p><em>\u00c0 l&rsquo;heure o\u00f9 nous c\u00e9l\u00e9brons le soixante-dixi\u00e8me anniversaire des combats de la R\u00e9sistance, de la lib\u00e9ration du territoire et de la victoire contre la barbarie nazie, et o\u00f9 les t\u00e9moins de cette \u00e9poque sont de moins en moins nombreux, rappeler aux jeunes g\u00e9n\u00e9rations l&rsquo;engagement des hommes et des femmes qui se sont lev\u00e9s contre l&rsquo;occupant nazi et le r\u00e9gime collaborationniste de Vichy rev\u00eat une importance particuli\u00e8re.<\/em><\/p>\n<p><em>La Journ\u00e9e nationale de la R\u00e9sistance fournit l&rsquo;occasion d&rsquo;une r\u00e9flexion sur les valeurs de la R\u00e9sistance et celles port\u00e9es par le programme du CNR, telles le courage, la d\u00e9fense de la R\u00e9publique, le souci constant de la justice, de la solidarit\u00e9, de la tol\u00e9rance et du respect d&rsquo;autrui. Les coll\u00e8ges et les lyc\u00e9es sont invit\u00e9s \u00e0 s&rsquo;associer \u00e0 cette comm\u00e9moration. (&#8230;)<\/em><\/p>\n","protected":false},"excerpt":{"rendered":"<p>27 mai 1943 Premi\u00e8re r\u00e9union \u00e0 Paris, rue du Four, du Conseil National de la R\u00e9sistance sous la pr\u00e9sidence de Jean Moulin.\u00a0 Elle inscrit la volont\u00e9 des forces patriotiques, sociales et politiques de la R\u00e9sistance int\u00e9rieure unies dans leur volont\u00e9 de lib\u00e9rer le pays et de r\u00e9instaurer la R\u00e9publique. \u00a0 27 mai 2014 Premi\u00e8re comm\u00e9moration &hellip; <\/p>\n<p class=\"read-more\"><a class=\"btn btn-default\" href=\"http:\/\/jnr-cpl.com\/?page_id=94\"> Read More<span class=\"screen-reader-text\">  Read More<\/span><\/a><\/p>\n","protected":false},"author":1,"featured_media":0,"parent":0,"menu_order":0,"comment_status":"closed","ping_status":"closed","template":"","meta":{"footnotes":""},"class_list":["post-94","page","type-page","status-publish","hentry"],"_links":{"self":[{"href":"http:\/\/jnr-cpl.com\/index.php?rest_route=\/wp\/v2\/pages\/94","targetHints":{"allow":["GET"]}}],"collection":[{"href":"http:\/\/jnr-cpl.com\/index.php?rest_route=\/wp\/v2\/pages"}],"about":[{"href":"http:\/\/jnr-cpl.com\/index.php?rest_route=\/wp\/v2\/types\/page"}],"author":[{"embeddable":true,"href":"http:\/\/jnr-cpl.com\/index.php?rest_route=\/wp\/v2\/users\/1"}],"replies":[{"embeddable":true,"href":"http:\/\/jnr-cpl.com\/index.php?rest_route=%2Fwp%2Fv2%2Fcomments&post=94"}],"version-history":[{"count":4,"href":"http:\/\/jnr-cpl.com\/index.php?rest_route=\/wp\/v2\/pages\/94\/revisions"}],"predecessor-version":[{"id":475,"href":"http:\/\/jnr-cpl.com\/index.php?rest_route=\/wp\/v2\/pages\/94\/revisions\/475"}],"wp:attachment":[{"href":"http:\/\/jnr-cpl.com\/index.php?rest_route=%2Fwp%2Fv2%2Fmedia&parent=94"}],"curies":[{"name":"wp","href":"https:\/\/api.w.org\/{rel}","templated":true}]}}