{"id":7400,"date":"2025-05-06T09:04:11","date_gmt":"2025-05-06T07:04:11","guid":{"rendered":"http:\/\/jnr-cpl.com\/?page_id=7400"},"modified":"2025-05-06T09:04:11","modified_gmt":"2025-05-06T07:04:11","slug":"jnr-2023","status":"publish","type":"page","link":"http:\/\/jnr-cpl.com\/?page_id=7400","title":{"rendered":"JNR 2023"},"content":{"rendered":"<p><img loading=\"lazy\" decoding=\"async\" class=\"wp-image-5807 aligncenter\" src=\"http:\/\/jnr-cpl.com\/wp-content\/uploads\/2023\/05\/348840103_807788964395830_3244489381488807140_n.jpg\" alt=\"\" width=\"280\" height=\"257\" srcset=\"http:\/\/jnr-cpl.com\/wp-content\/uploads\/2023\/05\/348840103_807788964395830_3244489381488807140_n.jpg 472w, http:\/\/jnr-cpl.com\/wp-content\/uploads\/2023\/05\/348840103_807788964395830_3244489381488807140_n-300x276.jpg 300w, http:\/\/jnr-cpl.com\/wp-content\/uploads\/2023\/05\/348840103_807788964395830_3244489381488807140_n-294x270.jpg 294w\" sizes=\"auto, (max-width: 280px) 100vw, 280px\" \/><\/p>\n<p>&nbsp;<\/p>\n<p style=\"text-align: center;\"><a href=\"http:\/\/jnr-cpl.com\/?p=5760\" target=\"_blank\" rel=\"noopener\"><strong>JNR 2023 \u2013 Invitation<\/strong><\/a><\/p>\n<p style=\"text-align: center;\"><a href=\"http:\/\/jnr-cpl.com\/?p=5802\" target=\"_blank\" rel=\"noopener\"><strong>JNR 2023 \u2013 Programme<\/strong><\/a><\/p>\n<p style=\"text-align: center;\"><a href=\"http:\/\/jnr-cpl.com\/?p=5777\" target=\"_blank\" rel=\"noopener\"><strong>JNR 2023 \u2013 Une histoire du Conseil National de la R\u00e9sistance (CNR)<\/strong><\/a><\/p>\n<p style=\"text-align: center;\"><a href=\"http:\/\/jnr-cpl.com\/?p=5846\" target=\"_blank\" rel=\"noopener\"><strong>JNR 2023 \u2013 D\u00e9p\u00f4t de gerbes<\/strong><\/a><\/p>\n<p style=\"text-align: center;\"><a href=\"http:\/\/jnr-cpl.com\/?p=5841\" target=\"_blank\" rel=\"noopener\"><strong>JNR 2023 &#8211; Au Site-M\u00e9morial du camp des Milles<\/strong><\/a><\/p>\n<p style=\"text-align: center;\"><a href=\"http:\/\/jnr-cpl.com\/?p=5817\" target=\"_blank\" rel=\"noopener\"><strong>JNR 2023 \u2013 \u00c0 Cannes<\/strong><\/a><\/p>\n<p style=\"text-align: center;\"><a href=\"http:\/\/jnr-cpl.com\/?p=5815\" target=\"_blank\" rel=\"noopener\"><strong>JNR 2023 \u2013 Un peu d\u2019histoire\u2026<\/strong><\/a><\/p>\n<p style=\"text-align: center;\"><a href=\"http:\/\/jnr-cpl.com\/?p=5816\" target=\"_blank\" rel=\"noopener\"><strong>JNR 2023 \u2013 80 ans du CNR : \u00ab Aux mous, aux ti\u00e8des, aux ignorants \u00bb,<br \/>\nl\u2019appel de la presse de r\u00e9sistance<\/strong><\/a><\/p>\n<p style=\"text-align: center;\"><a href=\"http:\/\/jnr-cpl.com\/?p=5818\" target=\"_blank\" rel=\"noopener\"><strong>JNR 2023 \u2013 En vid\u00e9o<\/strong><\/a><\/p>\n<p style=\"text-align: center;\"><a href=\"http:\/\/jnr-cpl.com\/?p=5819\" target=\"_blank\" rel=\"noopener\"><strong>JNR 2023 \u2013 Sur France Musique<\/strong><\/a><\/p>\n<p style=\"text-align: center;\"><a href=\"http:\/\/jnr-cpl.com\/?p=5761\" target=\"_blank\" rel=\"noopener\"><strong>JNR 2023 \u2013 \u00c9v\u00e8nement<\/strong><\/a><\/p>\n<p style=\"text-align: center;\">\n<p style=\"text-align: center;\">\n","protected":false},"excerpt":{"rendered":"<p>&nbsp; JNR 2023 \u2013 Invitation JNR 2023 \u2013 Programme JNR 2023 \u2013 Une histoire du Conseil National de la R\u00e9sistance (CNR) JNR 2023 \u2013 D\u00e9p\u00f4t de gerbes JNR 2023 &#8211; Au Site-M\u00e9morial du camp des Milles JNR 2023 \u2013 \u00c0 Cannes JNR 2023 \u2013 Un peu d\u2019histoire\u2026 JNR 2023 \u2013 80 ans du CNR : &hellip; <\/p>\n<p class=\"read-more\"><a class=\"btn btn-default\" href=\"http:\/\/jnr-cpl.com\/?page_id=7400\"> Read More<span class=\"screen-reader-text\">  Read More<\/span><\/a><\/p>\n","protected":false},"author":1,"featured_media":0,"parent":0,"menu_order":0,"comment_status":"closed","ping_status":"closed","template":"","meta":{"footnotes":""},"class_list":["post-7400","page","type-page","status-publish","hentry"],"_links":{"self":[{"href":"http:\/\/jnr-cpl.com\/index.php?rest_route=\/wp\/v2\/pages\/7400","targetHints":{"allow":["GET"]}}],"collection":[{"href":"http:\/\/jnr-cpl.com\/index.php?rest_route=\/wp\/v2\/pages"}],"about":[{"href":"http:\/\/jnr-cpl.com\/index.php?rest_route=\/wp\/v2\/types\/page"}],"author":[{"embeddable":true,"href":"http:\/\/jnr-cpl.com\/index.php?rest_route=\/wp\/v2\/users\/1"}],"replies":[{"embeddable":true,"href":"http:\/\/jnr-cpl.com\/index.php?rest_route=%2Fwp%2Fv2%2Fcomments&post=7400"}],"version-history":[{"count":1,"href":"http:\/\/jnr-cpl.com\/index.php?rest_route=\/wp\/v2\/pages\/7400\/revisions"}],"predecessor-version":[{"id":7402,"href":"http:\/\/jnr-cpl.com\/index.php?rest_route=\/wp\/v2\/pages\/7400\/revisions\/7402"}],"wp:attachment":[{"href":"http:\/\/jnr-cpl.com\/index.php?rest_route=%2Fwp%2Fv2%2Fmedia&parent=7400"}],"curies":[{"name":"wp","href":"https:\/\/api.w.org\/{rel}","templated":true}]}}