{"id":459,"date":"2017-12-07T12:11:09","date_gmt":"2017-12-07T11:11:09","guid":{"rendered":"http:\/\/jnr-cpl.com\/?page_id=459"},"modified":"2019-03-21T09:38:25","modified_gmt":"2019-03-21T08:38:25","slug":"cnrd-20172018","status":"publish","type":"page","link":"http:\/\/jnr-cpl.com\/?page_id=459","title":{"rendered":"CNRD 2018\/2019"},"content":{"rendered":"<h1 class=\"js-quickedit-page-title page-header\">R\u00e9pressions et d\u00e9portations en France et en Europe, 1939-1945<\/h1>\n<p><strong>Les modalit\u00e9s de participation sont pr\u00e9cis\u00e9es sur le site\u00a0<a href=\"http:\/\/eduscol.education.fr\/cid45607\/concours-national-de-la-resistance-et-de-la-deportation.html\">\u00c9duscol<\/a>.<\/strong><\/p>\n<p><strong><a href=\"https:\/\/www.reseau-canope.fr\/cnrd\/axes\/2019\" target=\"_blank\" rel=\"noopener\">Axes de recherches<\/a><\/strong><\/p>\n<p><a href=\"http:\/\/www.cinehistoire.fr\/wp-content\/uploads\/2018\/09\/E2018-Affiche-CNRD-3.jpg\"><img loading=\"lazy\" decoding=\"async\" class=\"aligncenter size-full wp-image-3484\" src=\"http:\/\/www.cinehistoire.fr\/wp-content\/uploads\/2018\/09\/E2018-Affiche-CNRD-3.jpg\" alt=\"\" width=\"600\" height=\"849\" \/><\/a><\/p>\n<p>&nbsp;<\/p>\n","protected":false},"excerpt":{"rendered":"<p>R\u00e9pressions et d\u00e9portations en France et en Europe, 1939-1945 Les modalit\u00e9s de participation sont pr\u00e9cis\u00e9es sur le site\u00a0\u00c9duscol. Axes de recherches &nbsp;<\/p>\n","protected":false},"author":1,"featured_media":0,"parent":0,"menu_order":0,"comment_status":"closed","ping_status":"closed","template":"","meta":{"footnotes":""},"class_list":["post-459","page","type-page","status-publish","hentry"],"_links":{"self":[{"href":"http:\/\/jnr-cpl.com\/index.php?rest_route=\/wp\/v2\/pages\/459","targetHints":{"allow":["GET"]}}],"collection":[{"href":"http:\/\/jnr-cpl.com\/index.php?rest_route=\/wp\/v2\/pages"}],"about":[{"href":"http:\/\/jnr-cpl.com\/index.php?rest_route=\/wp\/v2\/types\/page"}],"author":[{"embeddable":true,"href":"http:\/\/jnr-cpl.com\/index.php?rest_route=\/wp\/v2\/users\/1"}],"replies":[{"embeddable":true,"href":"http:\/\/jnr-cpl.com\/index.php?rest_route=%2Fwp%2Fv2%2Fcomments&post=459"}],"version-history":[{"count":4,"href":"http:\/\/jnr-cpl.com\/index.php?rest_route=\/wp\/v2\/pages\/459\/revisions"}],"predecessor-version":[{"id":1311,"href":"http:\/\/jnr-cpl.com\/index.php?rest_route=\/wp\/v2\/pages\/459\/revisions\/1311"}],"wp:attachment":[{"href":"http:\/\/jnr-cpl.com\/index.php?rest_route=%2Fwp%2Fv2%2Fmedia&parent=459"}],"curies":[{"name":"wp","href":"https:\/\/api.w.org\/{rel}","templated":true}]}}