{"id":10,"date":"2017-10-11T16:14:29","date_gmt":"2017-10-11T14:14:29","guid":{"rendered":"http:\/\/jnr-cpl.com\/?page_id=10"},"modified":"2022-11-30T11:56:05","modified_gmt":"2022-11-30T10:56:05","slug":"contact","status":"publish","type":"page","link":"http:\/\/jnr-cpl.com\/?page_id=10","title":{"rendered":"Contact"},"content":{"rendered":"<p><strong>ADRESSE<\/strong><\/p>\n<p>Journ\u00e9e Nationale de la R\u00e9sistance de Paris &#8211; Comit\u00e9 Parisien de Lib\u00e9ration<\/p>\n<p><strong>MAIL<\/strong><\/p>\n<p><a href=\"mailto:contact@jnr-cpl.com\" target=\"_blank\" rel=\"noopener\">contact@jnr-cpl.com<\/a><\/p>\n<p><a href=\"https:\/\/www.facebook.com\/pg\/Journeenationaledelaresistance\/photos\/?ref=page_internal\" target=\"_blank\" rel=\"noopener\"><strong>FACEBOOK<\/strong><\/a><\/p>\n","protected":false},"excerpt":{"rendered":"<p>ADRESSE Journ\u00e9e Nationale de la R\u00e9sistance de Paris &#8211; Comit\u00e9 Parisien de Lib\u00e9ration MAIL contact@jnr-cpl.com FACEBOOK<\/p>\n","protected":false},"author":1,"featured_media":0,"parent":0,"menu_order":0,"comment_status":"closed","ping_status":"closed","template":"","meta":{"footnotes":""},"class_list":["post-10","page","type-page","status-publish","hentry"],"_links":{"self":[{"href":"http:\/\/jnr-cpl.com\/index.php?rest_route=\/wp\/v2\/pages\/10","targetHints":{"allow":["GET"]}}],"collection":[{"href":"http:\/\/jnr-cpl.com\/index.php?rest_route=\/wp\/v2\/pages"}],"about":[{"href":"http:\/\/jnr-cpl.com\/index.php?rest_route=\/wp\/v2\/types\/page"}],"author":[{"embeddable":true,"href":"http:\/\/jnr-cpl.com\/index.php?rest_route=\/wp\/v2\/users\/1"}],"replies":[{"embeddable":true,"href":"http:\/\/jnr-cpl.com\/index.php?rest_route=%2Fwp%2Fv2%2Fcomments&post=10"}],"version-history":[{"count":5,"href":"http:\/\/jnr-cpl.com\/index.php?rest_route=\/wp\/v2\/pages\/10\/revisions"}],"predecessor-version":[{"id":5302,"href":"http:\/\/jnr-cpl.com\/index.php?rest_route=\/wp\/v2\/pages\/10\/revisions\/5302"}],"wp:attachment":[{"href":"http:\/\/jnr-cpl.com\/index.php?rest_route=%2Fwp%2Fv2%2Fmedia&parent=10"}],"curies":[{"name":"wp","href":"https:\/\/api.w.org\/{rel}","templated":true}]}}